{"id":21,"date":"2016-05-19T09:26:57","date_gmt":"2016-05-19T09:26:57","guid":{"rendered":"http:\/\/themes.ads\/medix-wp\/?page_id=21"},"modified":"2026-02-06T18:25:57","modified_gmt":"2026-02-06T21:25:57","slug":"home-v1","status":"publish","type":"page","link":"https:\/\/www.tecmedcalama.cl\/wordpress\/","title":{"rendered":"P\u00e1gina Inicio"},"content":{"rendered":"<div class=\"wpb-content-wrapper\"><p>[vc_row full_width=\u00bbstretch_row\u00bb css=\u00bb.vc_custom_1466590771534{padding-top: 45px !important;padding-bottom: 75px !important;background-color: #0798bc !important;}\u00bb][vc_column][vc_row_inner][vc_column_inner width=\u00bb1\/4&#8243;]\r\n      <div class=\"white_content\">\r\n           <a href=\"\"><i class=\"icon-patient-bed\"><\/i><h3>Fonasa Nivel II e Isapres<\/h3><p>Nuestro Laboratorio permite al paciente, a trav\u00e9s de su huella digital, adquirir bonos electr\u00f3nicos y acceder al pago de la atenci\u00f3n m\u00e9dica con distintos medios de pago.<\/p><\/a>   <\/div>\r\n\r\n\t[\/vc_column_inner][vc_column_inner width=\u00bb1\/4&#8243;]\r\n      <div class=\"white_content\">\r\n           <a href=\"http:\/\/186.10.65.154\/Pacientes.aspx\"><i class=\"icon-mortar-pestle\"><\/i><h3>Descargue sus Resultados<\/h3><p>Descargue sus resultados desde la comodidad de su hogar.<\/p><\/a>   <\/div>\r\n\r\n\t[\/vc_column_inner][vc_column_inner width=\u00bb1\/4&#8243;]\r\n      <div class=\"white_content\">\r\n           <a href=\"https:\/\/www.fonasa.cl\/sites\/fonasa\/beneficiarios\/tramites\/valor-bono\"><i class=\"icon-ambulanc\"><\/i><h3>Cotice sus Ex\u00e1menes FONASA<\/h3><p>Si eres afiliado a FONASA, recuerda que te puedes atender en nuestro laboratorio, las tomas de muestras con Nivel 2, y realizar la compra de bonos a trav\u00e9s de huella I-Med.<\/p><\/a>   <\/div>\r\n\r\n\t[\/vc_column_inner][vc_column_inner width=\u00bb1\/4&#8243;][vc_raw_html css=\u00bb\u00bb]JTNDaWZyYW1lJTIwc3JjJTNEJTIyaHR0cHMlM0ElMkYlMkZ3d3cuZmFjZWJvb2suY29tJTJGcGx1Z2lucyUyRnBhZ2UucGhwJTNGaHJlZiUzRGh0dHBzJTI1M0ElMjUyRiUyNTJGd3d3LmZhY2Vib29rLmNvbSUyNTJGcHJvZmlsZS5waHAlMjUzRmlkJTI1M0Q2MTU1OTYzMzA5NDY3NyUyNnRhYnMlM0R0aW1lbGluZSUyNndpZHRoJTNEMzQwJTI2aGVpZ2h0JTNENTAwJTI2c21hbGxfaGVhZGVyJTNEdHJ1ZSUyNmFkYXB0X2NvbnRhaW5lcl93aWR0aCUzRHRydWUlMjZoaWRlX2NvdmVyJTNEZmFsc2UlMjZzaG93X2ZhY2VwaWxlJTNEdHJ1ZSUyNmFwcElkJTIyJTIwd2lkdGglM0QlMjIzNDAlMjIlMjBoZWlnaHQlM0QlMjI1MDAlMjIlMjBzdHlsZSUzRCUyMmJvcmRlciUzQW5vbmUlM0JvdmVyZmxvdyUzQWhpZGRlbiUyMiUyMHNjcm9sbGluZyUzRCUyMm5vJTIyJTIwZnJhbWVib3JkZXIlM0QlMjIwJTIyJTIwYWxsb3dmdWxsc2NyZWVuJTNEJTIydHJ1ZSUyMiUyMGFsbG93JTNEJTIyYXV0b3BsYXklM0IlMjBjbGlwYm9hcmQtd3JpdGUlM0IlMjBlbmNyeXB0ZWQtbWVkaWElM0IlMjBwaWN0dXJlLWluLXBpY3R1cmUlM0IlMjB3ZWItc2hhcmUlMjIlM0UlM0MlMkZpZnJhbWUlM0U=[\/vc_raw_html][\/vc_column_inner][\/vc_row_inner][vc_separator border_width=\u00bb10&#8243; css=\u00bb\u00bb][vc_column_text css=\u00bb\u00bb]<\/p>\n<h1 style=\"text-align: center;\"><strong>NUEVA CASA MATRIZ<\/strong><\/h1>\n<p>[\/vc_column_text][vc_video link=\u00bbhttps:\/\/vimeo.com\/1162668007?share=copy&amp;fl=sv&amp;fe=ci\u00bb css=\u00bb\u00bb][vc_separator border_width=\u00bb10&#8243; css=\u00bb\u00bb][\/vc_column][\/vc_row][vc_row full_width=\u00bbstretch_row\u00bb css=\u00bb.vc_custom_1718764557269{padding-top: 100px !important;padding-bottom: 100px !important;background-color: #f0f5f7 !important;}\u00bb][vc_column css_animation=\u00bbzoomInDown\u00bb]  \r\n  \t<div id=\"news\">\r\n\t<h2 class=\"heading\">Novedades<\/h2><hr class=\"heading_space\">        <div class=\"specialists_wrap_slider\">\r\n        <div id=\"news-slider\" class=\"owl-carousel\">\r\n    \r\n        <div class=\"item\">\r\n          <div class=\"news_content\">\r\n           <img src='https:\/\/www.tecmedcalama.cl\/wordpress\/wp-content\/uploads\/2025\/12\/preventivo-Tecmed-instagram-363x315.png'\/>           <div class=\"date_comment\">           \t   <span>16<small>Dic<\/small><\/span>               <a href='#'><i class='icon-comment'><\/i> 0<\/a>           <\/div>           <div class=\"comment_text\">\r\n                              \t\t<h3>                    \t<a href=\"https:\/\/www.tecmedcalama.cl\/wordpress\/news\/preventivo-escolar\/\">\ud83c\udfeb Preventivo Escolar Tecmed Calama<\/a>                    <\/h3>\r\n\t\t\t                            \t   <p>\ud83c\udfeb Preventivo Escolar Tecmed Calama Un regreso a clases m\u00e1s seguro y saludable &nbsp; En Tecmed Calama sabemos que la&hellip;<\/p>           <\/div>\r\n          <\/div>\r\n        <\/div>\r\n\r\n     \r\n     \r\n\t \r\n        <div class=\"item\">\r\n          <div class=\"news_content\">\r\n           <img src='https:\/\/www.tecmedcalama.cl\/wordpress\/wp-content\/uploads\/2025\/10\/Copia-de-TOXI10-Tecmed-zzz-363x315.png'\/>           <div class=\"date_comment\">           \t   <span>29<small>Oct<\/small><\/span>               <a href='#'><i class='icon-comment'><\/i> 0<\/a>           <\/div>           <div class=\"comment_text\">\r\n                              \t\t<h3>                    \t<a href=\"https:\/\/www.tecmedcalama.cl\/wordpress\/news\/cuantificacion-de-10-drogas-de-abuso-por-espectrometria-masas\/\">Cuantificaci\u00f3n de 10 Drogas de Abuso por Espectrometr\u00eda Masas<\/a>                    <\/h3>\r\n\t\t\t                            \t   <p>Resultados confiables, r\u00e1pidos y trazables \u2014 avalados por el programa CAP &nbsp; En\u00a0Laboratorio Tecmed\u00a0somos especialistas en\u00a0an\u00e1lisis toxicol\u00f3gicos avanzados.Utilizamos la tecnolog\u00eda&hellip;<\/p>           <\/div>\r\n          <\/div>\r\n        <\/div>\r\n\r\n     \r\n     \r\n\t \r\n        <div class=\"item\">\r\n          <div class=\"news_content\">\r\n           <img src='https:\/\/www.tecmedcalama.cl\/wordpress\/wp-content\/uploads\/2025\/10\/Mes-del-Cancer-de-Mama-1280-x-720-px-363x315.png'\/>           <div class=\"date_comment\">           \t   <span>02<small>Oct<\/small><\/span>               <a href='#'><i class='icon-comment'><\/i> 0<\/a>           <\/div>           <div class=\"comment_text\">\r\n                              \t\t<h3>                    \t<a href=\"https:\/\/www.tecmedcalama.cl\/wordpress\/news\/cancer-de-mama-y-diagnostico-precoz-mediante-examenes-geneticos\/\">C\u00e1ncer de mama y diagn\u00f3stico precoz mediante ex\u00e1menes gen\u00e9ticos<\/a>                    <\/h3>\r\n\t\t\t                            \t   <p>Introducci\u00f3n &nbsp; El c\u00e1ncer de mama es la neoplasia m\u00e1s frecuente en mujeres a nivel mundial y una de las&hellip;<\/p>           <\/div>\r\n          <\/div>\r\n        <\/div>\r\n\r\n     \r\n     \r\n\t \r\n        <div class=\"item\">\r\n          <div class=\"news_content\">\r\n           <img src='https:\/\/www.tecmedcalama.cl\/wordpress\/wp-content\/uploads\/2025\/03\/Banner-PAP-HPV-1280-x-700-px-363x315.png'\/>           <div class=\"date_comment\">           \t   <span>30<small>Oct<\/small><\/span>               <a href='#'><i class='icon-comment'><\/i> 0<\/a>           <\/div>           <div class=\"comment_text\">\r\n                              \t\t<h3>                    \t<a href=\"https:\/\/www.tecmedcalama.cl\/wordpress\/news\/horarios-de-atencion\/\">La OMS a\u00f1ade una vacuna contra el VPH al esquema de dosis \u00fanica<\/a>                    <\/h3>\r\n\t\t\t                            \t   <p>La OMS ha anunciado que se ha confirmado el uso de un cuarto producto vacunal contra el virus del papiloma&hellip;<\/p>           <\/div>\r\n          <\/div>\r\n        <\/div>\r\n\r\n     \r\n     \r\n\t \r\n        <div class=\"item\">\r\n          <div class=\"news_content\">\r\n           <img src='https:\/\/www.tecmedcalama.cl\/wordpress\/wp-content\/uploads\/2023\/08\/Miniatura-Mes-del-Corazon-cuadrado-363x315.png'\/>           <div class=\"date_comment\">           \t   <span>09<small>Ago<\/small><\/span>               <a href='#'><i class='icon-comment'><\/i> 0<\/a>           <\/div>           <div class=\"comment_text\">\r\n                              \t\t<h3>                    \t<a href=\"https:\/\/www.tecmedcalama.cl\/wordpress\/news\/mes-del-corazon\/\">Mes del Coraz\u00f3n<\/a>                    <\/h3>\r\n\t\t\t                            \t   <p>Conoce las recomendaciones para cuidar tu salud y prevenir las enfermedades cardiovasculares Las enfermedades cardiovasculares corresponden a la principal causa&hellip;<\/p>           <\/div>\r\n          <\/div>\r\n        <\/div>\r\n\r\n     \r\n     \r\n\t \r\n        <div class=\"item\">\r\n          <div class=\"news_content\">\r\n           <img src='https:\/\/www.tecmedcalama.cl\/wordpress\/wp-content\/uploads\/2019\/03\/mineria-metales-pesados-363x315.jpg'\/>           <div class=\"date_comment\">           \t   <span>30<small>Jul<\/small><\/span>               <a href='#'><i class='icon-comment'><\/i> 0<\/a>           <\/div>           <div class=\"comment_text\">\r\n                              \t\t<h3>                    \t<a href=\"https:\/\/www.tecmedcalama.cl\/wordpress\/news\/metales-pesados\/\">METALES PESADOS<\/a>                    <\/h3>\r\n\t\t\t                            \t   <p>Se ha logrado un acuerdo con un laboratorio cl\u00ednico de gran prestigio a nivel nacional, con el fin de poder&hellip;<\/p>           <\/div>\r\n          <\/div>\r\n        <\/div>\r\n\r\n     \r\n     \r\n\t <\/div>\r\n\t\t  <\/div>\r\n\t\t<\/div>[\/vc_column][\/vc_row][vc_row full_width=\u00bbstretch_row\u00bb css=\u00bb.vc_custom_1465992945397{padding-top: 100px !important;padding-bottom: 100px !important;}\u00bb][vc_column css_animation=\u00bbslideInLeft\u00bb width=\u00bb2\/3&#8243;]  \t\t\r\n  \t\t<div id=\"services\">\r\n\t<h2 class=\"heading\">Servicios de Laboratorio<\/h2><hr class=\"heading_space\">        <div class=\"slider_wrap\">\r\n        <div id=\"service-slider\" class=\"owl-carousel\">\r\n    \r\n    <div class=\"item\">\r\n    \t<div class=\"item_inner\">\r\n        <div class='image'><img src='https:\/\/www.tecmedcalama.cl\/wordpress\/wp-content\/uploads\/2011\/07\/dsc02085-360x312.jpg'\/><a class='overlay' href='https:\/\/www.tecmedcalama.cl\/wordpress\/services\/cuide-su-alergia\/'><\/a><\/div>    \t\t\t<h3>CUIDE SU ALERGIA<\/h3>\r\n\t\t<p>\u00bfQu\u00e9 es la prueba de la inmunoglobulina E al\u00e9rgeno-espec\u00edfica (IgE)? El examen de la inmunoglobulina E al\u00e9rgeno-especifica (IgE), mide la concentraci\u00f3n de distintos anticuerpos IgE. Los anticuerpos est\u00e1n fabricados por el\u00a0sistema (m\u00e1s&hellip;)<\/p>\r\n        <\/div>\r\n\t <\/div>\r\n\t \r\n    <div class=\"item\">\r\n    \t<div class=\"item_inner\">\r\n        <div class='image'><img src='https:\/\/www.tecmedcalama.cl\/wordpress\/wp-content\/uploads\/2021\/05\/preventivo-Tecmed-instagram2-360x312.png'\/><a class='overlay' href='https:\/\/www.tecmedcalama.cl\/wordpress\/services\/%f0%9f%8f%ab-pack-preventivo-escolar-tecmed-calama\/'><\/a><\/div>    \t\t\t<h3>\ud83c\udfeb Pack Preventivo Escolar \u2013 Tecmed Calama<\/h3>\r\n\t\t<p>\ud83c\udfeb Preventivo Escolar Tecmed Calama Un regreso a clases m\u00e1s seguro y saludable &nbsp; En Tecmed Calama sabemos que la salud de ni\u00f1os y adolescentes es fundamental para un buen desempe\u00f1o escolar. (m\u00e1s&hellip;)<\/p>\r\n        <\/div>\r\n\t <\/div>\r\n\t \r\n    <div class=\"item\">\r\n    \t<div class=\"item_inner\">\r\n        <div class='image'><img src='https:\/\/www.tecmedcalama.cl\/wordpress\/wp-content\/uploads\/2019\/03\/mineria-metales-pesados-360x312.jpg'\/><a class='overlay' href='https:\/\/www.tecmedcalama.cl\/wordpress\/services\/metales-pesados\/'><\/a><\/div>    \t\t\t<h3>METALES PESADOS<\/h3>\r\n\t\t<p>Se ha logrado un acuerdo con un laboratorio cl\u00ednico de gran prestigio a nivel nacional, con el fin de poder detectar METALES PESADOS a un costo razonable, tiempos de respuesta no mayores a una semana y bajo un m\u00e9todo mundialmente reconocido, (m\u00e1s&hellip;)<\/p>\r\n        <\/div>\r\n\t <\/div>\r\n\t \r\n    <div class=\"item\">\r\n    \t<div class=\"item_inner\">\r\n        <div class='image'><img src='https:\/\/www.tecmedcalama.cl\/wordpress\/wp-content\/uploads\/2016\/06\/paternidad.jpg'\/><a class='overlay' href='https:\/\/www.tecmedcalama.cl\/wordpress\/services\/testdepaternidad\/'><\/a><\/div>    \t\t\t<h3>TEST DE PATERNIDAD<\/h3>\r\n\t\t<p>Laboratorio Cl\u00ednico Tecmed Calama, en su alianza estrat\u00e9gica con el laboratorio DNA\u00a0 Diagnostics Center, disponemos del examen TEST DE PATERNIDAD con entrega de resultado en 7 d\u00edas h\u00e1biles. (m\u00e1s&hellip;)<\/p>\r\n        <\/div>\r\n\t <\/div>\r\n\t \r\n    <div class=\"item\">\r\n    \t<div class=\"item_inner\">\r\n        <div class='image'><img src='https:\/\/www.tecmedcalama.cl\/wordpress\/wp-content\/uploads\/2016\/06\/medical-surgery.jpg'\/><a class='overlay' href='https:\/\/www.tecmedcalama.cl\/wordpress\/services\/medical-surgery\/'><\/a><\/div>    \t\t\t<h3>CONTRATOS CON EMPRESAS<\/h3>\r\n\t\t<p>Si usted necesita realizar un seguimiento de la salud de sus trabajadores, usted puede contactarnos para realizar el an\u00e1lisis de ex\u00e1menes, tomando las muestras en sus dependencias y entregando los ex\u00e1menes de forma online. Para esto favor ingresar al siguiente link.<\/p>\r\n        <\/div>\r\n\t <\/div>\r\n\t \r\n    <div class=\"item\">\r\n    \t<div class=\"item_inner\">\r\n        <div class='image'><img src='https:\/\/www.tecmedcalama.cl\/wordpress\/wp-content\/uploads\/2018\/06\/tomas-de-muestra-a-domicilio-360x312.jpg'\/><a class='overlay' href='https:\/\/www.tecmedcalama.cl\/wordpress\/services\/toma-de-muestras-a-domicilio\/'><\/a><\/div>    \t\t\t<h3>TOMA DE MUESTRA A DOMICILIO<\/h3>\r\n\t\t<p>Toma de Muestra a Domicilio Para cuidar tu salud, y la de nuestros colaboradores, nosotros nos acercamos a tu casa a realizar la toma de muestra en estos tiempos de Pandemia. &nbsp; Informamos que nuestro laboratorio, cuidando tu salud y la de nuestros colaboradores,&lt;a href=&quot;https:\/\/www.tecmedcalama.cl\/wordpress\/services\/toma-de-muestras-a-domicilio\/&quot;&gt;... Read more&lt;\/a&gt;<\/p>\r\n        <\/div>\r\n\t <\/div>\r\n\t <\/div>\r\n\t\t  <\/div>\r\n\t\t<\/div>[vc_column_text]<\/p>\n<h3>MEDICINA PREOCUPACIONAL<\/h3>\n<p>Laboratorio Tecmed Calama, presta servicios de medicina preventiva para los trabajadores de las empresas que tengan convenio vigente.<\/p>\n<p>M\u00e1s informaci\u00f3n en el siguiente <a href=\"https:\/\/www.tecmedcalama.cl\/wordpress\/conveniosconempresas\/\">link<\/a>.[\/vc_column_text][\/vc_column][vc_column css_animation=\u00bbslideInRight\u00bb width=\u00bb1\/3&#8243;]<h2 class=\"heading\">Horario Sucursal Cobija 2191 local 103-108<\/h2><hr class=\"heading_space\"><div class='hours_wigdet'><ul>\n<li>Lunes a jueves <strong>07:30-18:30<\/strong><\/li>\n<li>Viernes <strong>07:30-17:30<\/strong><\/li>\n<li>S\u00e1bado y Festivo <strong>08:00 a 12:00<\/strong><\/li>\n<li>Domingo\u00a0<strong>Cerrado<\/strong><\/li>\n<\/ul>\n<\/div><h2 class=\"heading\">Horario Sucursal Camarones 3954, Villa Ayquina<\/h2><hr class=\"heading_space\"><div class='hours_wigdet'><ul>\n<li>Lunes a jueves <strong>08:00-19:00<\/strong><\/li>\n<li>Viernes <strong>08:00-18:00<\/strong><\/li>\n<li>S\u00e1bado <strong>Cerrado<\/strong><\/li>\n<li>Domingo\u00a0<strong>Cerrado<\/strong><\/li>\n<\/ul>\n<\/div>[\/vc_column][\/vc_row][vc_row full_width=\u00bbstretch_row\u00bb disable_element=\u00bbyes\u00bb css=\u00bb.vc_custom_1528561244307{padding-top: 100px !important;padding-bottom: 100px !important;background-color: #f0f5f7 !important;}\u00bb][vc_column]  \r\n  \t<div id=\"specialists\">\r\n\t<h2 class=\"heading\">Meet Our Specialists<\/h2><hr class=\"heading_space\">        <div class=\"specialists_wrap_slider\">\r\n        <div id=\"specialist-slider\" class=\"owl-carousel\">\r\n    \r\n        <div class=\"item\">\r\n    \t<div class=\"specialist_info\">\r\n        \t <h2>01<\/h2>             <h3>TM. Dario Pe\u00f1a Cortes<\/h3>             <small>Due\u00f1o<\/small>                       \t <p>Tecn\u00f3logo M\u00e9dico de la Universidad Austral de Valdivia, fundador del laboratorio Cl\u00ednico Tecmed Calama Ltda.<\/p>          \t           \t \r\n             <ul class=\"social_icon\">\r\n               \r\n               \r\n               \r\n             <\/ul>\r\n         <\/div>\r\n\r\n        <div class=specialist_photo><img src=https:\/\/www.tecmedcalama.cl\/wordpress\/wp-content\/uploads\/2018\/06\/fotodariope\u00f1a-e1530117650812-303x297.jpeg width=\"303\" height=\"297\" \/><a class=overlay href=><\/a><\/div>\t <\/div>\r\n     \r\n     \t\r\n        <!-- STYLE 2 -->\r\n             \r\n     \r\n\t \r\n        <div class=\"item\">\r\n    \t<div class=\"specialist_info\">\r\n        \t <h2>02<\/h2>             <h3>TM. Paula Pe\u00f1a<\/h3>             <small>Empresario<\/small>                       \t <p>Tecn\u00f3loga M\u00e9dica Srta. Paula Pe\u00f1a, Gerente de Producci\u00f3n y Encargada de Calidad del Laboratorio Cl\u00ednico Tecmed Calama Ltda.<\/p>          \t           \t \r\n             <ul class=\"social_icon\">\r\n               \r\n               \r\n               \r\n             <\/ul>\r\n         <\/div>\r\n\r\n        <div class=specialist_photo><img src=https:\/\/www.tecmedcalama.cl\/wordpress\/wp-content\/uploads\/2016\/06\/paulape\u00f1a-e1530132201291-303x267.jpg width=\"303\" height=\"267\" \/><a class=overlay href=><\/a><\/div>\t <\/div>\r\n     \r\n     \t\r\n        <!-- STYLE 2 -->\r\n             \r\n     \r\n\t \r\n        <div class=\"item\">\r\n    \t<div class=\"specialist_info\">\r\n        \t              <h3>Nuestro Equipo<\/h3>                                    \t <p>Somos un equipo de trabajo de un total de 15 trabajadores.<\/p>          \t           \t \r\n             <ul class=\"social_icon\">\r\n               \r\n               \r\n               \r\n             <\/ul>\r\n         <\/div>\r\n\r\n        <div class=specialist_photo><img src=https:\/\/www.tecmedcalama.cl\/wordpress\/wp-content\/uploads\/2018\/06\/IMG_1038-e1530132297772-303x327.jpg width=\"303\" height=\"327\" \/><a class=overlay href=><\/a><\/div>\t <\/div>\r\n     \r\n     \t\r\n        <!-- STYLE 2 -->\r\n             \r\n     \r\n\t <\/div>\r\n\t\t  <\/div>\r\n\t\t<\/div>[\/vc_column][\/vc_row][vc_row full_width=\u00bbstretch_row_content\u00bb parallax=\u00bbcontent-moving-fade\u00bb parallax_image=\u00bb135&#8243;][vc_column width=\u00bb1\/2&#8243;][\/vc_column][vc_column width=\u00bb1\/2&#8243; css=\u00bb.vc_custom_1465982535093{padding-top: 100px !important;padding-right: 50px !important;padding-bottom: 100px !important;padding-left: 50px !important;background-color: rgba(7,152,188,0.75) !important;*background-color: rgb(7,152,188) !important;}\u00bb][vc_row_inner css=\u00bb.vc_custom_1465982565408{margin-bottom: 50px !important;}\u00bb][vc_column_inner width=\u00bb1\/2&#8243;]\r\n      <div class=\"white_content\">\r\n           <i class=\"icon-patient-bed\"><\/i><h3>Nos encontramos en Toda la Ciudad<\/h3><p>Con nuestras tomas de muestras a lo largo de Calama<\/p>   <\/div>\r\n\r\n\t[\/vc_column_inner][vc_column_inner width=\u00bb1\/2&#8243;]\r\n      <div class=\"white_content\">\r\n           <i class=\"icon-mortar-pestle\"><\/i><h3>Calidad Aprobada<\/h3><p>Trabajamos con controles de calidad EQAS y PEEC (ISP), para su tranquilidad<\/p>   <\/div>\r\n\r\n\t[\/vc_column_inner][\/vc_row_inner][vc_row_inner][vc_column_inner width=\u00bb1\/2&#8243;]\r\n      <div class=\"white_content\">\r\n           <i class=\"icon-doctor\"><\/i><h3>Gran Variedad de Ex\u00e1menes<\/h3><p>Mantenemos una amplia gama de ex\u00e1menes, favor consulte nuestro cat\u00e1logo.<\/p>   <\/div>\r\n\r\n\t[\/vc_column_inner][vc_column_inner width=\u00bb1\/2&#8243;]\r\n      <div class=\"white_content\">\r\n           <i class=\"icon-ambulanc\"><\/i><h3>Convenios y Alianzas Estrat\u00e9gicas<\/h3><p>Contamos con alianzas con laboratorios de alta especialidad para dar ser un apoyo al diagnostico cl\u00ednico.<\/p>   <\/div>\r\n\r\n\t[\/vc_column_inner][\/vc_row_inner][\/vc_column][\/vc_row][vc_row][vc_column]  \r\n    <ul class=\"social_icon inpage\">\r\n                    <li><a href=\"https:\/\/www.facebook.com\/people\/Tecmedcl\/61559633094677\/?ref=embed_page#\" class=\"facebook\"><i class=\"icon-facebook5\"><\/i><\/a><\/li>\r\n                                            <\/ul>\r\n \r\n    [\/vc_column][\/vc_row]<\/p>\n<\/div>","protected":false},"excerpt":{"rendered":"<p>[vc_row full_width=\u00bbstretch_row\u00bb css=\u00bb.vc_custom_1466590771534{padding-top: 45px !important;padding-bottom: 75px !important;background-color: #0798bc !important;}\u00bb][vc_column][vc_row_inner][vc_column_inner width=\u00bb1\/4&#8243;][\/vc_column_inner][vc_column_inner width=\u00bb1\/4&#8243;][\/vc_column_inner][vc_column_inner width=\u00bb1\/4&#8243;][\/vc_column_inner][vc_column_inner width=\u00bb1\/4&#8243;][vc_raw_html css=\u00bb\u00bb]JTNDaWZyYW1lJTIwc3JjJTNEJTIyaHR0cHMlM0ElMkYlMkZ3d3cuZmFjZWJvb2suY29tJTJGcGx1Z2lucyUyRnBhZ2UucGhwJTNGaHJlZiUzRGh0dHBzJTI1M0ElMjUyRiUyNTJGd3d3LmZhY2Vib29rLmNvbSUyNTJGcHJvZmlsZS5waHAlMjUzRmlkJTI1M0Q2MTU1OTYzMzA5NDY3NyUyNnRhYnMlM0R0aW1lbGluZSUyNndpZHRoJTNEMzQwJTI2aGVpZ2h0JTNENTAwJTI2c21hbGxfaGVhZGVyJTNEdHJ1ZSUyNmFkYXB0X2NvbnRhaW5lcl93aWR0aCUzRHRydWUlMjZoaWRlX2NvdmVyJTNEZmFsc2UlMjZzaG93X2ZhY2VwaWxlJTNEdHJ1ZSUyNmFwcElkJTIyJTIwd2lkdGglM0QlMjIzNDAlMjIlMjBoZWlnaHQlM0QlMjI1MDAlMjIlMjBzdHlsZSUzRCUyMmJvcmRlciUzQW5vbmUlM0JvdmVyZmxvdyUzQWhpZGRlbiUyMiUyMHNjcm9sbGluZyUzRCUyMm5vJTIyJTIwZnJhbWVib3JkZXIlM0QlMjIwJTIyJTIwYWxsb3dmdWxsc2NyZWVuJTNEJTIydHJ1ZSUyMiUyMGFsbG93JTNEJTIyYXV0b3BsYXklM0IlMjBjbGlwYm9hcmQtd3JpdGUlM0IlMjBlbmNyeXB0ZWQtbWVkaWElM0IlMjBwaWN0dXJlLWluLXBpY3R1cmUlM0IlMjB3ZWItc2hhcmUlMjIlM0UlM0MlMkZpZnJhbWUlM0U=[\/vc_raw_html][\/vc_column_inner][\/vc_row_inner][vc_separator border_width=\u00bb10&#8243; css=\u00bb\u00bb][vc_column_text css=\u00bb\u00bb] NUEVA CASA MATRIZ [\/vc_column_text][vc_video link=\u00bbhttps:\/\/vimeo.com\/1162668007?share=copy&amp;fl=sv&amp;fe=ci\u00bb css=\u00bb\u00bb][vc_separator border_width=\u00bb10&#8243; css=\u00bb\u00bb][\/vc_column][\/vc_row][vc_row full_width=\u00bbstretch_row\u00bb css=\u00bb.vc_custom_1718764557269{padding-top: 100px !important;padding-bottom: 100px !important;background-color: #f0f5f7 !important;}\u00bb][vc_column css_animation=\u00bbzoomInDown\u00bb][\/vc_column][\/vc_row][vc_row full_width=\u00bbstretch_row\u00bb css=\u00bb.vc_custom_1465992945397{padding-top: 100px !important;padding-bottom: 100px !important;}\u00bb][vc_column css_animation=\u00bbslideInLeft\u00bb width=\u00bb2\/3&#8243;][vc_column_text] MEDICINA PREOCUPACIONAL Laboratorio Tecmed Calama, presta servicios de medicina preventiva para los trabajadores &hellip; <a href=\"https:\/\/www.tecmedcalama.cl\/wordpress\/doctors\/nuestro-equipo\/\" class=\"more-link\">Continue reading<\/a><\/p>\n","protected":false},"author":1,"featured_media":0,"parent":0,"menu_order":0,"comment_status":"closed","ping_status":"closed","template":"","meta":{"footnotes":""},"class_list":["post-21","page","type-page","status-publish","hentry"],"_links":{"self":[{"href":"https:\/\/www.tecmedcalama.cl\/wordpress\/wp-json\/wp\/v2\/pages\/21","targetHints":{"allow":["GET"]}}],"collection":[{"href":"https:\/\/www.tecmedcalama.cl\/wordpress\/wp-json\/wp\/v2\/pages"}],"about":[{"href":"https:\/\/www.tecmedcalama.cl\/wordpress\/wp-json\/wp\/v2\/types\/page"}],"author":[{"embeddable":true,"href":"https:\/\/www.tecmedcalama.cl\/wordpress\/wp-json\/wp\/v2\/users\/1"}],"replies":[{"embeddable":true,"href":"https:\/\/www.tecmedcalama.cl\/wordpress\/wp-json\/wp\/v2\/comments?post=21"}],"version-history":[{"count":118,"href":"https:\/\/www.tecmedcalama.cl\/wordpress\/wp-json\/wp\/v2\/pages\/21\/revisions"}],"predecessor-version":[{"id":14695,"href":"https:\/\/www.tecmedcalama.cl\/wordpress\/wp-json\/wp\/v2\/pages\/21\/revisions\/14695"}],"wp:attachment":[{"href":"https:\/\/www.tecmedcalama.cl\/wordpress\/wp-json\/wp\/v2\/media?parent=21"}],"curies":[{"name":"wp","href":"https:\/\/api.w.org\/{rel}","templated":true}]}}